{"id":2,"date":"2018-03-05T13:14:19","date_gmt":"2018-03-05T12:14:19","guid":{"rendered":"http:\/\/dev.neustadtbremen.com\/stadtteilmanagement\/?page_id=2"},"modified":"2025-05-06T15:00:21","modified_gmt":"2025-05-06T13:00:21","slug":"home","status":"publish","type":"page","link":"https:\/\/neustadtbremen.de\/stadtteilmanagement\/","title":{"rendered":"Home"},"content":{"rendered":"<div id=\"pl-2\"  class=\"panel-layout\" ><div id=\"pg-2-0\"  class=\"panel-grid panel-has-style\" ><div class=\"container panel-row-style panel-row-style-for-2-0\" ><div id=\"pgc-2-0-0\"  class=\"panel-grid-cell\" ><div id=\"panel-2-0-0-1\" class=\"so-panel widget widget_sow-editor panel-last-child\" data-index=\"1\" ><div\n\t\t\t\n\t\t\tclass=\"so-widget-sow-editor so-widget-sow-editor-base\"\n\t\t\t\n\t\t>\n<div class=\"siteorigin-widget-tinymce textwidget\">\n\t<h1>Das Stadtteilmanagement der Bremer Neustadt<\/h1>\n<\/div>\n<\/div><\/div><\/div><\/div><\/div><div id=\"pg-2-1\"  class=\"panel-grid panel-has-style\" ><div class=\"container panel-row-style panel-row-style-for-2-1\" ><div id=\"pgc-2-1-0\"  class=\"panel-grid-cell panel-grid-cell-empty\" ><\/div><div id=\"pgc-2-1-1\"  class=\"panel-grid-cell panel-grid-cell-mobile-last\" ><div id=\"panel-2-1-1-0\" class=\"so-panel widget widget_sow-editor panel-first-child panel-last-child\" data-index=\"2\" ><div\n\t\t\t\n\t\t\tclass=\"so-widget-sow-editor so-widget-sow-editor-base\"\n\t\t\t\n\t\t>\n<div class=\"siteorigin-widget-tinymce textwidget\">\n\t<h2>Unsere Neustadt<\/h2>\n<p>Neudenken und Neuentdecken \u2013 die \u201eneue\u201c Neustadt bietet viel Raum f\u00fcr kreative Ideen.<\/p>\n<p>Die Neustadt geh\u00f6rt zu den interessantesten Stadtteilen Bremens! \u00dcberall ist eine positive Aufbruchsstimmung sp\u00fcrbar! Mit gut 45.000 Einwohnern ist die Neustadt der bev\u00f6lkerungsreichste Stadtteil Bremens. Zentral und Innenstadtnah gelegen, 5 min zum Flughafen, die Natur direkt vor der Haust\u00fcr: Der Werdersee und die Weser wird von unz\u00e4hligen Bremern als Naherholungsgebiet genutzt. Die Neustadt hat 8 Ortsteile die unterschiedlicher nicht sein k\u00f6nnten. Die Neustadt ist bunt, attraktiv und entwickelt sich seit Jahren dynamisch.<\/p>\n<p>Es gibt 3 zentrale Einkaufsstra\u00dfen und viele kleine individuelle L\u00e4den die eine attraktive Alternative zum Innenstadttrubel bieten. Kunst, Kultur, Kreative und viel Soziales Engagement pr\u00e4gen seit Jahren die Neustadt. Rasant sprie\u00dfen neue L\u00e4den aus dem Boden und bieten heute eine Mischung aus Projekten, Kultur, Kunst und Gastronomie.<\/p>\n<p>Die Vernetzung von umtriebigen, kreativen Menschen birgt gro\u00dfes Potenzial. In der Neustadt gehen wir spannende neue Wege und es gibt immer wieder viel zu entdecken. Die Neustadt wandelt sich zum kulturellen und wirtschaftlichen Hotspot Bremens.<\/p>\n<p><strong>Kurzbeschreibung des Projekttr\u00e4gers<br \/>\n<\/strong><br \/>\nDas Neustadt Stadtteilmanagement ist Expert:in f\u00fcr die Neustadt und engagiert sich seit 2005 erfolgreich f\u00fcr eine integrierte Stadtteilentwicklung.<\/p>\n<p>Dabei bedeutet 'Management': Moderieren, Koordinieren und Organisieren im Entwicklungsprozess der Neustadt und eine gewinnbringende Vernetzung von unterschiedlichen Interessen und Ressourcen im Stadtteilgebiet und dar\u00fcber hinaus.<br \/>\nDie Neustadt wandelt sich seit Jahren zu einem Hotspot Bremens und das Stadtteilmanagement begleitet und f\u00f6rdert diesen Prozess. In der Pandemie haben die Stadtteile enorm an Bedeutung gewonnen und das Neustadt Stadtteilmanagement ist Krisenbegleiter:in und wichtige Ansprechpartner:in. Im Lenkungskreis der \u201eInitiative der Stadtteile\u201c hat es eine f\u00fchrende Rolle \u00fcbernommen und engagiert sich f\u00fcr die St\u00e4rkung und Vernetzung aller Stadtteile. Gemeinsam wird zum 1.1.2022 eine Stadtteilkoordinator:in Bremen eingestellt.<\/p>\n<p>&nbsp;<\/p>\n<p><strong>Strategische Ziele des Neustadt Stadtteilmanagement<\/strong><\/p>\n<p><strong>Es geht darum eine gemeinsame Vision f\u00fcr die \u201eneue\u201c urbane Neustadt zu entwickeln und die Herausforderungen der Zukunft zu begleiten:<\/strong><\/p>\n<p>Digitalisierung, Urbanisierung, Nachhaltigkeit, Mobilit\u00e4t, Sicherheit, Gesundheit, Wissenskultur und Bildung<\/p>\n<p>Die wichtigsten strategischen Aufgaben und Ziele:<\/p>\n<ul>\n<li>Pandemie- und Krisenmanagement<\/li>\n<li>Identit\u00e4t \/DNA der Neustadt sichtbar machen und die Marke Neustadt st\u00e4rken<\/li>\n<li>Ver\u00e4nderungspotenziale und Wandel vorausschauend erkennen und aktiv begleiten<\/li>\n<li>Lokale \u00d6konomie unterst\u00fctzen<\/li>\n<li>Partizipation und B\u00fcrger:innen-Beteiligung<\/li>\n<li>Nachhaltigkeit und Klimaschutz in der Stadt f\u00f6rdern<\/li>\n<li>Herausforderungen der Zukunft koordinieren, begleiten, f\u00f6rdern und eine Vision entwickeln<\/li>\n<li>Schwerpunkthemen der Zukunft begleiten und f\u00f6rdern<\/li>\n<li>Kultur initiieren und st\u00e4rken<\/li>\n<li>Veranstaltungen im Stadtteil planen und durchf\u00fchren<\/li>\n<li>Musik- und Kulturfestival SummerSounds<\/li>\n<\/ul>\n<p>Das Neustadt Stadtteilmanagement will auch zuk\u00fcnftig Antworten auf die Komplexit\u00e4t unserer Zeit finden. Es will weiterhin eine starke Verantwortung f\u00fcr die Neustadt \u00fcbernehmen und sich noch st\u00e4rker professionalisieren und profilieren. Hierf\u00fcr wurden die Vorrausetzungen geschaffen, Prozesse optimiert und Ver\u00e4nderungen initiiert. Der Verein WIR-Neustadt-Bremen e.V.\u201c hat mit dem Stadtteilmanagement fusioniert und bildet seit 2019 den Verein \u201eNeustadt Stadtteilmanagement e. V.\u201c.<\/p>\n<p>&nbsp;<\/p>\n<h2>Kontakt<\/h2>\n<p><strong>Stadtteilmanagerin<\/strong><br \/>\nCarina Henkel<br \/>\nNeustadt Stadtteilmanagement<\/p>\n<p>Alte Post<br \/>\nMeyerstra\u00dfe 38 \/ 40<br \/>\n28201 Bremen<\/p>\n<p>E-Mail : <a href=\"mailto:henkel@NeustadtBremen.de\">henkel@neustadtbremen.de<\/a><br \/>\nTelefon 0421 844 957 59 + 0176 238 454 69<\/p>\n<\/div>\n<\/div><\/div><\/div><div id=\"pgc-2-1-2\"  class=\"panel-grid-cell panel-grid-cell-empty\" ><\/div><\/div><\/div><\/div>","protected":false},"excerpt":{"rendered":"<p>Das Stadtteilmanagement der Bremer Neustadt Unsere Neustadt Neudenken und Neuentdecken \u2013 die \u201eneue\u201c Neustadt bietet viel Raum f\u00fcr kreative Ideen. Die Neustadt geh\u00f6rt zu den interessantesten Stadtteilen Bremens! \u00dcberall ist eine positive Aufbruchsstimmung sp\u00fcrbar! Mit gut 45.000 Einwohnern ist die Neustadt der bev\u00f6lkerungsreichste Stadtteil Bremens. Zentral und Innenstadtnah gelegen, 5 min zum Flughafen, die Natur [&hellip;]<\/p>\n","protected":false},"author":1,"featured_media":0,"parent":0,"menu_order":0,"comment_status":"closed","ping_status":"open","template":"","meta":[],"acf":[],"_links":{"self":[{"href":"https:\/\/neustadtbremen.de\/stadtteilmanagement\/wp-json\/wp\/v2\/pages\/2"}],"collection":[{"href":"https:\/\/neustadtbremen.de\/stadtteilmanagement\/wp-json\/wp\/v2\/pages"}],"about":[{"href":"https:\/\/neustadtbremen.de\/stadtteilmanagement\/wp-json\/wp\/v2\/types\/page"}],"author":[{"embeddable":true,"href":"https:\/\/neustadtbremen.de\/stadtteilmanagement\/wp-json\/wp\/v2\/users\/1"}],"replies":[{"embeddable":true,"href":"https:\/\/neustadtbremen.de\/stadtteilmanagement\/wp-json\/wp\/v2\/comments?post=2"}],"version-history":[{"count":71,"href":"https:\/\/neustadtbremen.de\/stadtteilmanagement\/wp-json\/wp\/v2\/pages\/2\/revisions"}],"predecessor-version":[{"id":674,"href":"https:\/\/neustadtbremen.de\/stadtteilmanagement\/wp-json\/wp\/v2\/pages\/2\/revisions\/674"}],"wp:attachment":[{"href":"https:\/\/neustadtbremen.de\/stadtteilmanagement\/wp-json\/wp\/v2\/media?parent=2"}],"curies":[{"name":"wp","href":"https:\/\/api.w.org\/{rel}","templated":true}]}}